{"id":7132,"date":"2025-01-17T04:08:27","date_gmt":"2025-01-17T04:08:27","guid":{"rendered":"https:\/\/aioh.io\/calendly\/"},"modified":"2025-01-30T06:56:46","modified_gmt":"2025-01-30T06:56:46","slug":"calendly","status":"publish","type":"page","link":"https:\/\/www.aioh.io\/da\/calendly\/","title":{"rendered":"Calendly"},"content":{"rendered":"\t\t<div data-elementor-type=\"wp-page\" data-elementor-id=\"7132\" class=\"elementor elementor-7132 elementor-6686\" data-elementor-post-type=\"page\">\n\t\t\t\t<div class=\"elementor-element elementor-element-1368b44 e-flex e-con-boxed animejs-disable e-con e-parent\" data-id=\"1368b44\" data-element_type=\"container\" data-settings=\"{&quot;jet_parallax_layout_list&quot;:[]}\">\n\t\t\t\t\t<div class=\"e-con-inner\">\n\t\t<div class=\"elementor-element elementor-element-7ad4ecb e-con-full e-flex animejs-disable e-con e-child\" data-id=\"7ad4ecb\" data-element_type=\"container\" data-settings=\"{&quot;jet_parallax_layout_list&quot;:[]}\">\n\t\t<div class=\"elementor-element elementor-element-35fe2c0 e-con-full e-flex animejs-disable e-con e-child\" data-id=\"35fe2c0\" data-element_type=\"container\" data-settings=\"{&quot;jet_parallax_layout_list&quot;:[]}\">\n\t\t\t\t<div class=\"elementor-element elementor-element-ce5b2b8 animejs-disable elementor-widget elementor-widget-heading\" data-id=\"ce5b2b8\" data-element_type=\"widget\" data-widget_type=\"heading.default\">\n\t\t\t\t<div class=\"elementor-widget-container\">\n\t\t\t\t\t<h4 class=\"elementor-heading-title elementor-size-default\">Book en demo<\/h4>\t\t\t\t<\/div>\n\t\t\t\t<\/div>\n\t\t\t\t<div class=\"elementor-element elementor-element-b396c67 animejs-disable elementor-widget elementor-widget-heading\" data-id=\"b396c67\" data-element_type=\"widget\" data-widget_type=\"heading.default\">\n\t\t\t\t<div class=\"elementor-widget-container\">\n\t\t\t\t\t<h2 class=\"elementor-heading-title elementor-size-default\">Lad os m\u00f8des<\/h2>\t\t\t\t<\/div>\n\t\t\t\t<\/div>\n\t\t\t\t<div class=\"elementor-element elementor-element-7b38546 animejs-disable elementor-widget elementor-widget-text-editor\" data-id=\"7b38546\" data-element_type=\"widget\" data-widget_type=\"text-editor.default\">\n\t\t\t\t<div class=\"elementor-widget-container\">\n\t\t\t\t\t\t\t\t\t<p>Med 15 \u00e5rs erfaring inden for sundhed og velv\u00e6re har vi en dyb forst\u00e5else af branchens unikke udfordringer og skiftende behov. Vores ekspertise str\u00e6kker sig over levering af innovative, brugercentrerede l\u00f8sninger, der prioriterer forebyggende pleje, personlig sundhedsstyring og effektiv servicelevering. <\/p>\n\t\t\t\t\t\t\t\t<\/div>\n\t\t\t\t<\/div>\n\t\t\t\t<div class=\"elementor-element elementor-element-cd9f954 animejs-disable elementor-widget elementor-widget-text-editor\" data-id=\"cd9f954\" data-element_type=\"widget\" data-widget_type=\"text-editor.default\">\n\t\t\t\t<div class=\"elementor-widget-container\">\n\t\t\t\t\t\t\t\t\t<b>P\u00e5 m\u00f8det vil vi:<\/b>\n<ul>\n \t<li>F\u00e5 mere at vide om, hvad din virksomhed st\u00e5r over for og er p\u00e5 udkig efter.<\/li>\n \t<li>Vis, hvordan AIOH m\u00e5ske kan l\u00f8se det.<\/li>\n \t<li>Forklar, hvordan du nemmest kommer i gang.  <\/li>\n<\/ul>\t\t\t\t\t\t\t\t<\/div>\n\t\t\t\t<\/div>\n\t\t\t\t<\/div>\n\t\t<div class=\"elementor-element elementor-element-45cdb09 e-con-full e-flex animejs-disable e-con e-child\" data-id=\"45cdb09\" data-element_type=\"container\" data-settings=\"{&quot;background_background&quot;:&quot;classic&quot;,&quot;jet_parallax_layout_list&quot;:[]}\">\n\t\t\t\t<div class=\"elementor-element elementor-element-6a2c284 animejs-disable elementor-widget elementor-widget-text-editor\" data-id=\"6a2c284\" data-element_type=\"widget\" data-widget_type=\"text-editor.default\">\n\t\t\t\t<div class=\"elementor-widget-container\">\n\t\t\t\t\t\t\t\t\t<div class=\"calendly-inline-widget\" style=\"min-width: 320px; height: 700px;\" data-url=\"https:\/\/calendly.com\/sales-k9f6\/30min?hide_event_type_details=1&amp;hide_gdpr_banner=1&amp;background_color=285a55&amp;text_color=ffffff&amp;primary_color=73c7a9\"><\/div>\n<script type=\"text\/javascript\" src=\"https:\/\/assets.calendly.com\/assets\/external\/widget.js\" async=\"\"><\/script>\t\t\t\t\t\t\t\t<\/div>\n\t\t\t\t<\/div>\n\t\t\t\t<\/div>\n\t\t\t\t<\/div>\n\t\t\t\t\t<\/div>\n\t\t\t\t<\/div>\n\t\t\t\t<\/div>\n\t\t","protected":false},"excerpt":{"rendered":"<p>Book en demo Lad os m\u00f8des Med 15 \u00e5rs erfaring inden for sundhed og velv\u00e6re har vi en dyb forst\u00e5else af branchens unikke udfordringer og skiftende behov. Vores ekspertise str\u00e6kker sig over levering af innovative, brugercentrerede l\u00f8sninger, der prioriterer forebyggende pleje, personlig sundhedsstyring og effektiv servicelevering. P\u00e5 m\u00f8det vil vi: F\u00e5 mere at vide om, [&hellip;]<\/p>\n","protected":false},"author":1,"featured_media":0,"parent":0,"menu_order":0,"comment_status":"closed","ping_status":"closed","template":"elementor_header_footer","meta":{"_acf_changed":false,"footnotes":""},"class_list":["post-7132","page","type-page","status-publish","hentry"],"acf":[],"_links":{"self":[{"href":"https:\/\/www.aioh.io\/da\/wp-json\/wp\/v2\/pages\/7132","targetHints":{"allow":["GET"]}}],"collection":[{"href":"https:\/\/www.aioh.io\/da\/wp-json\/wp\/v2\/pages"}],"about":[{"href":"https:\/\/www.aioh.io\/da\/wp-json\/wp\/v2\/types\/page"}],"author":[{"embeddable":true,"href":"https:\/\/www.aioh.io\/da\/wp-json\/wp\/v2\/users\/1"}],"replies":[{"embeddable":true,"href":"https:\/\/www.aioh.io\/da\/wp-json\/wp\/v2\/comments?post=7132"}],"version-history":[{"count":4,"href":"https:\/\/www.aioh.io\/da\/wp-json\/wp\/v2\/pages\/7132\/revisions"}],"predecessor-version":[{"id":7238,"href":"https:\/\/www.aioh.io\/da\/wp-json\/wp\/v2\/pages\/7132\/revisions\/7238"}],"wp:attachment":[{"href":"https:\/\/www.aioh.io\/da\/wp-json\/wp\/v2\/media?parent=7132"}],"curies":[{"name":"wp","href":"https:\/\/api.w.org\/{rel}","templated":true}]}}